{"id":2495,"date":"2021-08-02T13:01:30","date_gmt":"2021-08-02T13:01:30","guid":{"rendered":"https:\/\/rahuhome.eu\/pflegehinweise-verwendung-und-pflege-der-moebel\/"},"modified":"2022-01-31T12:30:29","modified_gmt":"2022-01-31T12:30:29","slug":"sofa_reinigen","status":"publish","type":"page","link":"https:\/\/rahuhome.eu\/de\/sofa_reinigen\/","title":{"rendered":"Sofa reinigen"},"content":{"rendered":"<p>Damit das Sofa ihr bestes Aussehen behalten, ist die Reinigung der Polsterm\u00f6bel wichtig, da sie den Schmutz entfernt, bevor er sich im Stoff (und anderen Materialien) festsetzt und diese besch\u00e4digt. Eine regelm\u00e4\u00dfige Reinigung und angemessene Pflege des Sofas kann den Lebenszyklus verl\u00e4ngern und die Kosten f\u00fcr Erneuerung und Reparatur, Austausch und Entsorgung reduzieren. Befolgen Sie die untenstehenden Pflegehinweise.<br \/>\nDie M\u00f6bel sollten ausschlie\u00dflich f\u00fcr den Zweck verwendet werden, f\u00fcr den sie konstruiert wurden. Scharfe oder harte Gegenst\u00e4nde k\u00f6nnen das M\u00f6belst\u00fcck besch\u00e4digen. Seien Sie vorsichtig mit harten Gegenst\u00e4nden im Bereich der Kanten oder der Oberfl\u00e4che des M\u00f6bels.<br \/>\nDas Sofa d\u00fcrfen nicht mit aggressiven Verbindungen wie Aceton, Alkohol, Benzin, Nagellackentferner usw. gereinigt werden.<\/p>\n<h4>TEXTIL UND KISSEN<\/h4>\n<p>Die Farben des Stoffes verblassen, wenn die M\u00f6bel direkter Sonneneinstrahlung ausgesetzt sind. Beachten Sie auch, dass Sie nicht \u00fcber einen l\u00e4ngeren Zeitraum dieselbe Stelle auf den M\u00f6beln abdecken, da die Auswirkungen des Lichts auf die abgedeckten \/ nicht abgedeckten Bereiche der M\u00f6bel unterschiedlich und im Laufe der Zeit sichtbar sind. Die UV-Strahlen der Sonne beeinflussen die Farbe.<br \/>\nStaub und Schmutz nutzen die Polstertextilien ab. Saugen Sie die Kissen des Sofas regelm\u00e4\u00dfig und h\u00e4ufig ab, wir empfehlen, dies jede Woche zu tun.<br \/>\nAlle Flecken und versch\u00fcttete Fl\u00fcssigkeiten m\u00fcssen sofort entfernt werden. Schaben Sie Fl\u00fcssigkeiten oder R\u00fcckst\u00e4nde zun\u00e4chst mit einem L\u00f6ffel oder einem Spatel ab, bevor Sie fortfahren. Schrubben Sie nicht mit einem Tuch. Saugen Sie versch\u00fcttete Fl\u00fcssigkeiten mit einem saugf\u00e4higen, fusselfreien Tuch oder Schwamm auf. Lose Partikel vor weiteren Reinigungsma\u00dfnahmen aufsaugen. Reinigen Sie Flecken durch vorsichtiges Abtupfen oder sanftes Abwischen mit einem feuchten, fusselfreien Tuch. Verwenden Sie bei Bedarf geeignete Reinigungs- oder L\u00f6sungsmittel. F\u00fcr die Reinigung verschmutzter Oberfl\u00e4chen empfehlen wir die Verwendung handels\u00fcblicher M\u00f6belpflegemittel unter Beachtung der jeweiligen Gebrauchsanweisung. Die Verwendung von nicht daf\u00fcr vorgesehenen Reinigungsmitteln kann zu Sch\u00e4den an den M\u00f6beln f\u00fchren. Seien Sie vorsichtig bei der Verwendung von L\u00f6sungsmitteln, da diese die Materialien unter dem Textil anl\u00f6sen k\u00f6nnen. Trocknen Sie den Stoff vor dem Gebrauch vollst\u00e4ndig ab.<br \/>\nVerwenden Sie keine Stahlwolle auf den Oberfl\u00e4chen und reiben Sie ein Textil nicht heftig oder lange, da dies zu Farbverlusten f\u00fchren oder das Gewebe besch\u00e4digen und einen Strich bilden k\u00f6nnte.<br \/>\nIn allen F\u00e4llen, insbesondere bei gro\u00dfen Flecken, empfehlen wir, eine professionelle Reinigung aufzusuchen; bitte informieren Sie diese \u00fcber Ihr fr\u00fcheres Vorgehen.<br \/>\nDiese Tipps sind jedoch nur Empfehlungen und k\u00f6nnen keine vollst\u00e4ndige Fleckentfernung garantieren.<\/p>\n<h4>HOLZRAHMEN<\/h4>\n<p>Da Holz ein Naturprodukt ist, treten Abweichungen in Farbe, Pigmentierung, Textur und Struktur der Holzmaserung auf. Diese Variationen sind nat\u00fcrlich und geh\u00f6ren zum Massivholz dazu. Holzm\u00f6bel ver\u00e4ndern im Laufe der Zeit ihr Aussehen, da sie von der Umgebung, in der sie stehen, beeinflusst werden. Es kann zu einer Ver\u00e4nderung des Farbtons und der Farbe der Holzoberfl\u00e4che kommen. Da Holz ein nat\u00fcrliches, lebendes Material ist und sich an die Umgebung anpasst, nimmt es im Laufe seines Lebens immer wieder Feuchtigkeit auf und gibt sie wieder ab. Ist die Luft zu feucht, kann das Holz aufquellen, ist sie zu trocken, schrumpft es und kann rei\u00dfen. Deshalb ist es wichtig, Holzm\u00f6bel richtig zu behandeln. Holzm\u00f6bel m\u00fcssen in R\u00e4umen mit stabilen Klima- und Feuchtigkeitsbedingungen aufgestellt werden. Die M\u00f6bel sollten in einem warmen, trockenen Raum mit einer relativen Luftfeuchtigkeit zwischen 40 und 60 % stehen. Holz atmet, daher sollten Sie Holzm\u00f6bel nicht mit luftdichten Abdeckungen abdecken \u2013 das Holz k\u00f6nnte splittern.<br \/>\nHolz ist ein lebendiges Material, es kann quellen oder schrumpfen und sich in M\u00f6belteilen straffen oder lockern. Sollte sich eine Lockerung in M\u00f6belteilen ergeben, k\u00f6nnen diese mit B\u00e4ndern oder Schrauben festgezogen werden. Wir bitten Sie, diese sorgf\u00e4ltig selbst nachzuziehen, da dies ein \u00fcbliches Wartungsproblem ist und nicht unter die Garantie f\u00e4llt.<br \/>\nDie \u00d6lbehandlung versiegelt die Poren des Holzes und sch\u00fctzt das Holz vor Verschmutzung durch die meisten g\u00e4ngigen Fl\u00fcssigkeiten, ist aber keine Garantie gegen Flecken. Verwenden Sie zum Abstauben von \u00f6limpr\u00e4gnierten Oberfl\u00e4chen ein weiches, trockenes, vorzugsweise Mikrofasertuch. Es ist wichtig, die mit \u00d6l behandelten M\u00f6bel nachzupflegen. Ein gelegentliches Auftragen von \u00d6l (nicht mehr als zweimal im Jahr) nach dem S\u00e4ubern sollte ausreichen, um die weiche \u00d6lbehandlung des Holzes zu erhalten.<br \/>\nHolzoberfl\u00e4chen von M\u00f6beln m\u00fcssen trocken gehalten werden. Wischen Sie versch\u00fcttete Fl\u00fcssigkeiten sofort mit einem sauberen, weichen Tuch oder K\u00fcchentuch auf. Verwenden Sie keine Stahlwolle auf den Oberfl\u00e4chen.<\/p>\n<h4>TRANSPORT<\/h4>\n<p>Beim Transport von M\u00f6beln sollten diese sorgf\u00e4ltig verpackt und vorsichtig behandelt werden. Vergessen Sie nicht, die Kanten und Oberfl\u00e4chen der M\u00f6bel zu sch\u00fctzen. Um Fleckenbildung und Wassersch\u00e4den zu vermeiden, sollten die M\u00f6bel verpackt und in einem geschlossenen Fahrzeug transportiert werden. Bei kalten Temperaturen kann sich nach dem Transport der M\u00f6bel an einem warmen Ort Kondenswasser auf den Holzoberfl\u00e4chen bilden. Die M\u00f6bel sollten dann sofort mit einem sauberen, weichen Tuch getrocknet werden.<\/p>\n<p>Wir designen, produzieren, verkaufen und versenden jedes #rahusofa &#8211; <a href=\"https:\/\/rahuhome.eu\/de\/produkt\/sessel\/\" target=\"_blank\" rel=\"noopener\"><strong>Sessel<\/strong><\/a> , <a href=\"https:\/\/rahuhome.eu\/de\/produkt\/2-sitzer-sofa\/\" target=\"_blank\" rel=\"noopener\"><strong>2-Sitzer Sofa<\/strong><\/a> , <a href=\"https:\/\/rahuhome.eu\/de\/produkt\/3-sitzer-sofa\/\" target=\"_blank\" rel=\"noopener\"><strong>3-Sitzer Sofa<\/strong><\/a> und <a href=\"https:\/\/rahuhome.eu\/de\/produkt\/erweiterungsmodul\/\" target=\"_blank\" rel=\"noopener\"><strong>Erweiterungsmodul<\/strong> f\u00fcr rahusofa<\/a> &#8211; ohne Dritte (Vertreter, Gro\u00dfh\u00e4ndler, Einzelh\u00e4ndler usw.). Sie schenken sich Zwischenh\u00e4ndlergeb\u00fchren und mehrstufige Aufschl\u00e4ge, wenn Sie ein Sofa direkt bei uns kaufen. Das hei\u00dft Sie bekommen Qualit\u00e4tswerkstoffe und ein gutes Sofa und Sie bezahlen nur f\u00fcr das Wesentliche: das Handwerk, die Materialien und die Kosten f\u00fcr einen nachhaltigen Betrieb. <a href=\"https:\/\/rahuhome.eu\/de\/shop-2\/\" target=\"_blank\" rel=\"noopener\"><strong>Kaufen Sie unsere Sofas<\/strong><\/a> oder <a href=\"https:\/\/rahuhome.eu\/de\/produkt\/kostenlose-stoffmuster\/\" target=\"_blank\" rel=\"noopener\"><strong>bestellen Sie kostenlose Stoffmuster<\/strong><\/a>.<\/p>\n","protected":false},"excerpt":{"rendered":"<p>Damit das Sofa ihr bestes Aussehen behalten, ist die Reinigung der Polsterm\u00f6bel wichtig, da sie den Schmutz entfernt, bevor er sich im Stoff (und anderen Materialien) festsetzt und diese besch\u00e4digt. Eine regelm\u00e4\u00dfige Reinigung und angemessene Pflege des Sofas kann den Lebenszyklus verl\u00e4ngern und die Kosten f\u00fcr Erneuerung und Reparatur, Austausch und Entsorgung reduzieren. Befolgen Sie [&hellip;]<\/p>\n","protected":false},"author":1,"featured_media":0,"parent":0,"menu_order":0,"comment_status":"closed","ping_status":"closed","template":"","meta":{"site-sidebar-layout":"default","site-content-layout":"default","ast-site-content-layout":"default","site-content-style":"default","site-sidebar-style":"default","ast-global-header-display":"","ast-banner-title-visibility":"","ast-main-header-display":"","ast-hfb-above-header-display":"","ast-hfb-below-header-display":"","ast-hfb-mobile-header-display":"","site-post-title":"","ast-breadcrumbs-content":"","ast-featured-img":"","footer-sml-layout":"","ast-disable-related-posts":"","theme-transparent-header-meta":"default","adv-header-id-meta":"","stick-header-meta":"","header-above-stick-meta":"","header-main-stick-meta":"","header-below-stick-meta":"","astra-migrate-meta-layouts":"default","ast-page-background-enabled":"default","ast-page-background-meta":{"desktop":{"background-color":"","background-image":"","background-repeat":"repeat","background-position":"center center","background-size":"auto","background-attachment":"scroll","background-type":"","background-media":"","overlay-type":"","overlay-color":"","overlay-opacity":"","overlay-gradient":""},"tablet":{"background-color":"","background-image":"","background-repeat":"repeat","background-position":"center center","background-size":"auto","background-attachment":"scroll","background-type":"","background-media":"","overlay-type":"","overlay-color":"","overlay-opacity":"","overlay-gradient":""},"mobile":{"background-color":"","background-image":"","background-repeat":"repeat","background-position":"center center","background-size":"auto","background-attachment":"scroll","background-type":"","background-media":"","overlay-type":"","overlay-color":"","overlay-opacity":"","overlay-gradient":""}},"ast-content-background-meta":{"desktop":{"background-color":"var(--ast-global-color-5)","background-image":"","background-repeat":"repeat","background-position":"center center","background-size":"auto","background-attachment":"scroll","background-type":"","background-media":"","overlay-type":"","overlay-color":"","overlay-opacity":"","overlay-gradient":""},"tablet":{"background-color":"var(--ast-global-color-5)","background-image":"","background-repeat":"repeat","background-position":"center center","background-size":"auto","background-attachment":"scroll","background-type":"","background-media":"","overlay-type":"","overlay-color":"","overlay-opacity":"","overlay-gradient":""},"mobile":{"background-color":"var(--ast-global-color-5)","background-image":"","background-repeat":"repeat","background-position":"center center","background-size":"auto","background-attachment":"scroll","background-type":"","background-media":"","overlay-type":"","overlay-color":"","overlay-opacity":"","overlay-gradient":""}},"footnotes":""},"class_list":["post-2495","page","type-page","status-publish","hentry"],"_links":{"self":[{"href":"https:\/\/rahuhome.eu\/de\/wp-json\/wp\/v2\/pages\/2495","targetHints":{"allow":["GET"]}}],"collection":[{"href":"https:\/\/rahuhome.eu\/de\/wp-json\/wp\/v2\/pages"}],"about":[{"href":"https:\/\/rahuhome.eu\/de\/wp-json\/wp\/v2\/types\/page"}],"author":[{"embeddable":true,"href":"https:\/\/rahuhome.eu\/de\/wp-json\/wp\/v2\/users\/1"}],"replies":[{"embeddable":true,"href":"https:\/\/rahuhome.eu\/de\/wp-json\/wp\/v2\/comments?post=2495"}],"version-history":[{"count":6,"href":"https:\/\/rahuhome.eu\/de\/wp-json\/wp\/v2\/pages\/2495\/revisions"}],"predecessor-version":[{"id":2695,"href":"https:\/\/rahuhome.eu\/de\/wp-json\/wp\/v2\/pages\/2495\/revisions\/2695"}],"wp:attachment":[{"href":"https:\/\/rahuhome.eu\/de\/wp-json\/wp\/v2\/media?parent=2495"}],"curies":[{"name":"wp","href":"https:\/\/api.w.org\/{rel}","templated":true}]}}