{"id":2794,"date":"2022-02-15T12:22:01","date_gmt":"2022-02-15T12:22:01","guid":{"rendered":"https:\/\/rahuhome.eu\/datenschutzrichtlinie\/"},"modified":"2022-02-15T12:22:01","modified_gmt":"2022-02-15T12:22:01","slug":"datenschutzrichtlinie","status":"publish","type":"page","link":"https:\/\/rahuhome.eu\/de\/datenschutzrichtlinie\/","title":{"rendered":"Datenschutzrichtlinie"},"content":{"rendered":"<h4>Ein langlebiges modulares nordisches Sofa, das durch jede T\u00fcr und jeden Korridor passt &#8211; enge Treppen, G\u00e4nge &amp; kleine Aufz\u00fcge sind kein Problem mehr. Es sind keine Umzugshelfer n\u00f6tig. Innovatives Design erm\u00f6glicht Flat-Pack-Lieferung. Unser langlebiges modulares Sofa wird f\u00fcr einen m\u00fchelose Handhabung in handlichen Kartons geliefert. Die Sofakartons k\u00f6nnen von nur einer Person gehandhabt werden \u2013 von Ihnen.<\/h4>\n<p>&nbsp;<\/p>\n<p style=\"text-align: left;\">Datenschutzrichtlinie &#8211; Version 1.0, erstellt am 05.2020<\/p>\n<p style=\"text-align: left;\"><strong>Willkommen auf der rahu<sup>TM<\/sup> Webseite!<\/strong><\/p>\n<p>Diese Datenschutzrichtlinie beschreibt, wie Ihre pers\u00f6nlichen Daten gesammelt, verwendet und weitergegeben werden, wenn Sie die Website besuchen oder einen Kauf auf der Website t\u00e4tigen.<\/p>\n<p>Bei rahuhome.eu-Webseite, erreichbar unter rahuhome.eu (auch als Website bezeichnet), ist eine unserer Hauptpriorit\u00e4ten der Schutz der Privatsph\u00e4re unserer Besucher. Unsere Aktivit\u00e4ten stehen im Einklang mit den einschl\u00e4gigen EU- und EU-Rechtsvorschriften.<\/p>\n<p>Wenn Sie weitere Fragen haben oder mehr Informationen \u00fcber unsere Datenschutzpolitik oder unsere Datenverarbeitung ben\u00f6tigen oder wenn Sie den Eindruck haben, dass Ihre Daten nicht angemessen behandelt werden oder es Anzeichen f\u00fcr eine unsachgem\u00e4\u00dfe Verwendung gibt, z\u00f6gern Sie nicht, uns per E-Mail unter hello@rahuhome.eu zu kontaktieren.<\/p>\n<p>Diese Datenschutzrichtlinie gilt nur f\u00fcr unsere Online-Aktivit\u00e4ten und f\u00fcr die Besucher unserer Website in Bezug auf die Informationen, die sie auf der Website teilen und\/oder sammeln. Diese Datenschutzrichtlinie gilt nicht f\u00fcr Informationen, die offline oder \u00fcber andere Kan\u00e4le als diese Website gesammelt werden.<\/p>\n<p>Einverst\u00e4ndnis<\/p>\n<p>Indem Sie auf die Website und ihre Funktionen zugreifen und\/oder sie nutzen, erkl\u00e4ren Sie sich mit unserer Datenschutzrichtlinie einverstanden und stimmen deren Bedingungen zu. Fahren Sie nicht fort, die Website zu nutzen, wenn Sie nicht mit allen auf dieser Seite genannten Datenschutzbestimmungen einverstanden sind.<\/p>\n<p>Informationen, die wir sammeln und wie und f\u00fcr wie lange wir diese Informationen verwenden<\/p>\n<p>Die pers\u00f6nlichen Daten, um deren Angabe Sie gebeten werden und\/oder die das Unternehmen sammelt (Name, pers\u00f6nliche Identifikationsnummer, Geburtsdatum, Rechnungs- und Lieferadresse, Zahlungsinformationen (einschlie\u00dflich Kredit- oder Debitkarten nummern), Telefonnummer, E-Mail-Adresse), werden zur Erf\u00fcllung der vertraglichen Verpflichtungen zwischen dem Unternehmen und Ihnen und\/oder zur Kontaktaufnahme mit Ihnen verwendet.<\/p>\n<p>Wenn Sie uns direkt kontaktieren, k\u00f6nnen wir zus\u00e4tzliche Informationen \u00fcber Sie erhalten, wie z. B. Ihren Namen, Ihre E-Mail-Adresse, Ihre Telefonnummer, den Inhalt der Nachricht und\/oder Anh\u00e4nge, die Sie uns senden, und andere Informationen, die Sie uns zur Verf\u00fcgung stellen m\u00f6chten.<\/p>\n<p>Wenn Sie sich f\u00fcr ein Konto registrieren, fragen wir Sie m\u00f6glicherweise nach Ihren Kontaktinformationen, einschlie\u00dflich Angaben wie Name, Firmenname, Adresse, E-Mail-Adresse und Telefonnummer.<\/p>\n<p>Dar\u00fcber hinaus verwenden wir die von uns erfassten Informationen, um:<\/p>\n<p>&#8211; unsere Website bereitzustellen, zu betreiben und zu pflegen;<\/p>\n<p>&#8211; unsere Website zu verbessern, zu personalisieren und zu erweitern;<\/p>\n<p>&#8211; zu verstehen und zu analysieren, wie Sie unsere Website nutzen;<\/p>\n<p>&#8211; neue Produkte, Dienstleistungen, Merkmale und Funktionen zu entwickeln;<\/p>\n<p>&#8211; mit Ihnen zu kommunizieren, entweder direkt oder \u00fcber einen unserer Partner, z. B. f\u00fcr den Kundendienst, um Ihnen Aktualisierungen und andere Informationen in Bezug auf die Website zukommen zu lassen, sowie f\u00fcr Marketing- und Werbezwecke;<\/p>\n<p>&#8211; Ihnen E-Mails zu senden;<\/p>\n<p>&#8211; um Betrug zu erkennen und zu verhindern.<\/p>\n<p>Der verantwortliche Verwalter der oben genannten Daten ist RAHUHOME O\u00dc, Firmenregisternummer: 14972617, B\u00fcroadresse: Kaskede pst 3, 10916 Tallinn, Estland, Telefonnummer: 0037253063885, E-Mail: hello@rahuhome.eu, (auch als Unternehmen bezeichnet).<\/p>\n<p>Das Unternehmen kann die Datenverarbeitungsrechte an den Dritten \u00fcbertragen, um seine vertraglichen Verpflichtungen zwischen dem Unternehmen und dem Kunden zu erf\u00fcllen. Solche dritten Datenverarbeiter sind unsere Partner in den Bereichen Transport, Produktion, Zahlungsabwicklung, Finanzierung und Buchhaltung.<\/p>\n<p>Das Unternehmen \u00fcbertr\u00e4gt die Datenverarbeitungsrechte an die Zahlungsabwickler MakeCommerceTM (Maksekeskus AS) und Stripe (Stripe Payments Europe Ltd.).<\/p>\n<p>Das Unternehmen bewahrt die Daten gem\u00e4\u00df den Vorschriften der EU und den Gesetzen des Landes, in dem das Unternehmen seinen Sitz hat, auf.<\/p>\n<p>Schutz der pers\u00f6nlichen Daten<\/p>\n<p>Das Unternehmen ergreift alle Vorsichtsma\u00dfnahmen, um die gesammelten pers\u00f6nlichen Daten der Kunden zu sch\u00fctzen. Alle pers\u00f6nlichen Daten werden als vertrauliche Informationen behandelt und der Zugang wird nur autorisierten Personen gew\u00e4hrt.<\/p>\n<p>Unsere Website ist verschl\u00fcsselt, sie verwendet ein zuverl\u00e4ssiges SSL-Zertifikat, um sicherzustellen, dass Ihre pers\u00f6nlichen Daten nicht in falsche H\u00e4nde geraten.<\/p>\n<p>Log-Dateien<\/p>\n<p>Die Website verwendet standardm\u00e4\u00dfig Protokolldateien. Diese Dateien protokollieren den Besuch von Websites. Alle Hosting-Firmen tun dies als Teil der Analytik der Hosting-Dienste. Zu den in den Protokolldateien gesammelten Informationen geh\u00f6ren Internetprotokolladressen (IP), Browsertyp, Internetdienstanbieter (ISP), Datums- und Zeitstempel, verweisende\/verlassende Seiten und m\u00f6glicherweise die Anzahl der Klicks. Diese Daten werden nicht mit pers\u00f6nlich identifizierbaren Informationen verkn\u00fcpft. Der Zweck dieser Informationen besteht darin, Trends zu analysieren, die Website zu verwalten, die Bewegungen der Nutzer auf der Website zu verfolgen und demographische Informationen zu sammeln.<\/p>\n<p>Cookies und Web Beacons<\/p>\n<p>Wie jede andere Website verwendet die Website &#8222;Cookies&#8220;. Diese Cookies werden verwendet, um Informationen zu speichern, einschlie\u00dflich der Pr\u00e4ferenzen der Besucher und der Seiten auf der Website, die der Besucher aufgerufen oder besucht hat. Diese Informationen werden verwendet, um die Nutzererfahrung zu optimieren, indem wir den Inhalt unserer Webseiten auf der Grundlage des Browsertyps der Besucher und\/oder anderer Informationen anpassen.<\/p>\n<p>DoubleClick-DART-Cookie<\/p>\n<p>Google ist einer der Drittanbieter auf unserer Website. Google verwendet ebenfalls Cookies, so genannte DART-Cookies, um den Besuchern unserer Website auf der Grundlage ihrer Besuche auf der Website und anderen Websites im Internet Anzeigen zu schalten. Besucher k\u00f6nnen jedoch die Verwendung von DART-Cookies ablehnen, indem sie die Datenschutzbestimmungen des Google-Anzeigen- und Content-Netzwerks unter der folgenden URL aufrufen: https:\/\/policies.google.com\/technologies\/ads.<\/p>\n<p>Einige der Werbetreibenden auf unserer Website k\u00f6nnen Cookies und Web Beacons verwenden. Unsere Werbepartner sind unten aufgef\u00fchrt. Jeder unserer Werbepartner hat seine eigenen Datenschutzrichtlinien f\u00fcr den Umgang mit Nutzerdaten. Um den Zugang zu erleichtern, haben wir unten einen Hyperlink zu ihren Datenschutzrichtlinien gesetzt.<\/p>\n<p>&#8211; Google (https:\/\/policies.google.com\/)<\/p>\n<p>&#8211; Facebook (https:\/\/www.facebook.com\/policies\/)<\/p>\n<p>&#8211; Instagram (<a href=\"https:\/\/help.instagram.com\/804539313233571\" target=\"_blank\" rel=\"noopener\">https:\/\/help.instagram.com\/804539313233571<\/a>)<\/p>\n<p>&#8211; moosend a Sitecore company (<a href=\"https:\/\/www.sitecore.com\/trust\/privacy-policy\" target=\"_blank\" rel=\"noopener\">https:\/\/www.sitecore.com\/trust\/privacy-policy<\/a>)<\/p>\n<p>&#8211; WooCommerce &amp; WordPress (https:\/\/automattic.com\/privacy\/)<\/p>\n<p>Datenschutzrichtlinien der Werbepartner<\/p>\n<p>Sie k\u00f6nnen diese Liste konsultieren, um die Datenschutzrichtlinien f\u00fcr jeden der Werbepartner der Website zu finden.<\/p>\n<p>Werbeserver oder Werbenetzwerke von Drittanbietern verwenden Technologien wie Cookies, JavaScript oder Web Beacons, die in ihren jeweiligen Werbeanzeigen und Links, die auf Website Name erscheinen, verwendet werden und direkt an den Browser der Nutzer gesendet werden. Dabei erhalten sie automatisch Ihre IP-Adresse. Diese Technologien werden verwendet, um die Effektivit\u00e4t ihrer Werbekampagnen zu messen und\/oder um die Werbeinhalte, die Sie auf den von Ihnen besuchten Websites sehen, zu personalisieren.<\/p>\n<p>Beachten Sie, dass die Website keinen Zugang zu oder Kontrolle \u00fcber diese Cookies hat, die von Drittanbietern verwendet werden.<\/p>\n<p>Datenschutzrichtlinien von Drittanbietern<\/p>\n<p>Die Datenschutzrichtlinie der Website gilt nicht f\u00fcr andere Werbetreibende oder Websites. Wir raten Ihnen daher, die jeweiligen Datenschutzrichtlinien dieser Werbeserver Dritter zu konsultieren, um genauere Informationen zu erhalten. Diese k\u00f6nnen deren Praktiken und Anweisungen dar\u00fcber enthalten, wie Sie bestimmte Optionen deaktivieren k\u00f6nnen. Eine vollst\u00e4ndige Liste dieser Datenschutzrichtlinien und ihrer Links finden Sie hier: Links zu Datenschutzrichtlinien.<\/p>\n<p>Sie k\u00f6nnen Cookies \u00fcber die Optionen Ihres Browsers deaktivieren. Ausf\u00fchrlichere Informationen \u00fcber die Cookie-Verwaltung mit bestimmten Webbrowsern finden Sie auf den jeweiligen Websites der Browser. Was sind Cookies?<\/p>\n<p>CCPA-Datenschutzrichtlinie (Verkaufen Sie meine pers\u00f6nlichen Daten nicht)<\/p>\n<p>Nach dem CCPA haben kalifornische Verbraucher neben anderen Rechten das Recht:<\/p>\n<p>zu verlangen, dass ein Unternehmen, das personenbezogene Daten eines Verbrauchers sammelt, die Kategorien und spezifischen Teile der personenbezogenen Daten offenlegt, die das Unternehmen \u00fcber den Verbraucher gesammelt hat.<\/p>\n<p>von einem Unternehmen die L\u00f6schung aller personenbezogenen Daten zu verlangen, die das Unternehmen \u00fcber den Verbraucher gesammelt hat.<\/p>\n<p>Verlangen, dass ein Unternehmen, das personenbezogene Daten eines Verbrauchers verkauft, die personenbezogenen Daten des Verbrauchers nicht verkauft.<\/p>\n<p>Wenn Sie einen Antrag stellen, haben wir einen Monat Zeit, Ihnen zu antworten. Wenn Sie eines dieser Rechte aus\u00fcben m\u00f6chten, nehmen Sie bitte Kontakt mit uns auf.<\/p>\n<p>GDPR-Datenschutzerkl\u00e4rung (Datenschutzrechte)<\/p>\n<p>Wir m\u00f6chten sicherstellen, dass Sie \u00fcber alle Ihre Datenschutzrechte informiert sind. Jeder Nutzer hat das Recht auf Folgendes:<\/p>\n<p>Das Recht auf Zugang &#8211; Sie haben das Recht, Kopien Ihrer personenbezogenen Daten anzufordern. F\u00fcr diesen Service k\u00f6nnen wir eine geringe Geb\u00fchr verlangen.<\/p>\n<p>Das Recht auf Berichtigung &#8211; Sie haben das Recht, von uns die Berichtigung von Daten zu verlangen, die Sie f\u00fcr unrichtig halten. Sie haben auch das Recht zu verlangen, dass wir die Informationen vervollst\u00e4ndigen, die Sie f\u00fcr unvollst\u00e4ndig halten.<\/p>\n<p>Das Recht auf L\u00f6schung &#8211; Sie haben das Recht, unter bestimmten Bedingungen die L\u00f6schung Ihrer personenbezogenen Daten zu verlangen.<\/p>\n<p>Recht auf Einschr\u00e4nkung der Verarbeitung &#8211; Sie haben das Recht zu verlangen, dass wir die Verarbeitung Ihrer personenbezogenen Daten unter bestimmten Bedingungen einschr\u00e4nken.<\/p>\n<p>Recht auf Widerspruch gegen die Verarbeitung &#8211; Sie haben das Recht, unter bestimmten Bedingungen Widerspruch gegen die Verarbeitung Ihrer personenbezogenen Daten durch uns einzulegen.<\/p>\n<p>Das Recht auf Daten\u00fcbertragbarkeit &#8211; Sie haben das Recht, unter bestimmten Bedingungen zu verlangen, dass wir die von uns erfassten Daten an eine andere Organisation oder direkt an Sie weitergeben.<\/p>\n<p>Wenn Sie einen Antrag stellen, haben wir einen Monat Zeit, um Ihnen zu antworten. Wenn Sie eines dieser Rechte aus\u00fcben m\u00f6chten, wenden Sie sich bitte an uns.<\/p>\n<p>Der verantwortliche Bearbeiter der oben genannten Daten ist RAHUHOME O\u00dc, Firmenregisternummer: 14972617, B\u00fcroadresse: Kaskede pst 3, 10916 Tallinn, Estland, Telefonnummer: 0037253063885, E-Mail: hello@rahuhome.eu. Bitte kontaktieren Sie uns, wenn Sie weitere Informationen ben\u00f6tigen. Die \u00d6ffnungszeiten unseres Kundendienstes sind in der Fu\u00dfzeile der Webseite angegeben.<\/p>\n<p>&nbsp;<\/p>\n<p>Informationen f\u00fcr Kinder<\/p>\n<p>Die Website sammelt wissentlich keine pers\u00f6nlichen Daten von Kindern unter 16 Jahren. Wir ermutigen Eltern und Erziehungsberechtigte, die Online-Aktivit\u00e4ten ihrer Kinder zu beobachten, sich daran zu beteiligen und\/oder sie zu \u00fcberwachen und zu leiten. Wenn Sie der Meinung sind, dass Ihr Kind diese Art von Informationen auf unserer Website zur Verf\u00fcgung gestellt hat, empfehlen wir Ihnen dringend, uns sofort zu kontaktieren, und wir werden unser Bestes tun, um solche Informationen umgehend aus unseren Unterlagen zu entfernen.<\/p>\n<p>\u00c4nderungen der Datenschutzrichtlinie<\/p>\n<p>Wir behalten uns das Recht vor, die Bedingungen unserer Datenschutzrichtlinie zu \u00e4ndern (zu erweitern, zu erg\u00e4nzen, zu l\u00f6schen, usw.). Wir bitten Sie daher, diese Seite regelm\u00e4\u00dfig zu besuchen und die Informationen zur Kenntnis zu nehmen. Wenn das Unternehmen einschneidende Erg\u00e4nzungen oder \u00c4nderungen vornimmt, werden diese aktiv und deutlich kommuniziert.<\/p>\n<p>&nbsp;<\/p>\n\n<p><\/p>\n","protected":false},"excerpt":{"rendered":"<p>Ein langlebiges modulares nordisches Sofa, das durch jede T\u00fcr und jeden Korridor passt &#8211; enge Treppen, G\u00e4nge &amp; kleine Aufz\u00fcge sind kein Problem mehr. Es sind keine Umzugshelfer n\u00f6tig. Innovatives Design erm\u00f6glicht Flat-Pack-Lieferung. Unser langlebiges modulares Sofa wird f\u00fcr einen m\u00fchelose Handhabung in handlichen Kartons geliefert. Die Sofakartons k\u00f6nnen von nur einer Person gehandhabt werden [&hellip;]<\/p>\n","protected":false},"author":1,"featured_media":0,"parent":0,"menu_order":0,"comment_status":"closed","ping_status":"open","template":"","meta":{"site-sidebar-layout":"default","site-content-layout":"default","ast-site-content-layout":"default","site-content-style":"default","site-sidebar-style":"default","ast-global-header-display":"","ast-banner-title-visibility":"","ast-main-header-display":"","ast-hfb-above-header-display":"","ast-hfb-below-header-display":"","ast-hfb-mobile-header-display":"","site-post-title":"","ast-breadcrumbs-content":"","ast-featured-img":"","footer-sml-layout":"","ast-disable-related-posts":"","theme-transparent-header-meta":"default","adv-header-id-meta":"","stick-header-meta":"","header-above-stick-meta":"","header-main-stick-meta":"","header-below-stick-meta":"","astra-migrate-meta-layouts":"default","ast-page-background-enabled":"default","ast-page-background-meta":{"desktop":{"background-color":"","background-image":"","background-repeat":"repeat","background-position":"center center","background-size":"auto","background-attachment":"scroll","background-type":"","background-media":"","overlay-type":"","overlay-color":"","overlay-opacity":"","overlay-gradient":""},"tablet":{"background-color":"","background-image":"","background-repeat":"repeat","background-position":"center center","background-size":"auto","background-attachment":"scroll","background-type":"","background-media":"","overlay-type":"","overlay-color":"","overlay-opacity":"","overlay-gradient":""},"mobile":{"background-color":"","background-image":"","background-repeat":"repeat","background-position":"center center","background-size":"auto","background-attachment":"scroll","background-type":"","background-media":"","overlay-type":"","overlay-color":"","overlay-opacity":"","overlay-gradient":""}},"ast-content-background-meta":{"desktop":{"background-color":"var(--ast-global-color-5)","background-image":"","background-repeat":"repeat","background-position":"center center","background-size":"auto","background-attachment":"scroll","background-type":"","background-media":"","overlay-type":"","overlay-color":"","overlay-opacity":"","overlay-gradient":""},"tablet":{"background-color":"var(--ast-global-color-5)","background-image":"","background-repeat":"repeat","background-position":"center center","background-size":"auto","background-attachment":"scroll","background-type":"","background-media":"","overlay-type":"","overlay-color":"","overlay-opacity":"","overlay-gradient":""},"mobile":{"background-color":"var(--ast-global-color-5)","background-image":"","background-repeat":"repeat","background-position":"center center","background-size":"auto","background-attachment":"scroll","background-type":"","background-media":"","overlay-type":"","overlay-color":"","overlay-opacity":"","overlay-gradient":""}},"footnotes":""},"class_list":["post-2794","page","type-page","status-publish","hentry"],"_links":{"self":[{"href":"https:\/\/rahuhome.eu\/de\/wp-json\/wp\/v2\/pages\/2794","targetHints":{"allow":["GET"]}}],"collection":[{"href":"https:\/\/rahuhome.eu\/de\/wp-json\/wp\/v2\/pages"}],"about":[{"href":"https:\/\/rahuhome.eu\/de\/wp-json\/wp\/v2\/types\/page"}],"author":[{"embeddable":true,"href":"https:\/\/rahuhome.eu\/de\/wp-json\/wp\/v2\/users\/1"}],"replies":[{"embeddable":true,"href":"https:\/\/rahuhome.eu\/de\/wp-json\/wp\/v2\/comments?post=2794"}],"version-history":[{"count":1,"href":"https:\/\/rahuhome.eu\/de\/wp-json\/wp\/v2\/pages\/2794\/revisions"}],"predecessor-version":[{"id":2795,"href":"https:\/\/rahuhome.eu\/de\/wp-json\/wp\/v2\/pages\/2794\/revisions\/2795"}],"wp:attachment":[{"href":"https:\/\/rahuhome.eu\/de\/wp-json\/wp\/v2\/media?parent=2794"}],"curies":[{"name":"wp","href":"https:\/\/api.w.org\/{rel}","templated":true}]}}