{"id":2163,"date":"2020-05-11T04:40:23","date_gmt":"2020-05-11T04:40:23","guid":{"rendered":"https:\/\/rahuhome.eu\/product\/3-sitzer\/"},"modified":"2021-11-03T12:03:58","modified_gmt":"2021-11-03T12:03:58","slug":"3-sitzer-sofa","status":"publish","type":"product","link":"https:\/\/rahuhome.eu\/de\/produkt\/3-sitzer-sofa\/","title":{"rendered":"3-Sitzer Sofa"},"content":{"rendered":"<p>Ein modernes 3-Sitzer Sofa mit praktischen Ma\u00dfen bietet Ihnen bequemes Sitzen. Es ist optisch ansprechend, passt in unterschiedlich gro\u00dfe R\u00e4ume, ist aus langlebigen und hochwertigen Materialien gefertigt, ist leicht zu handhaben, wird flach geliefert und ist bei Bedarf sogar noch erweiterbar durch Module, welche Sie ganz einfach dazukaufen k\u00f6nnen.<\/p>\n<p>Der Rahmen aus massivem Birkenholz umrahmt die bequemen Kissen und schafft eine perfekt ausbalancierte Form. Das Kissen Sofa steht mit den F\u00fc\u00dfen stabil auf dem Boden, fest und sicher und wirkt dabei dennoch leicht und luftig. Der sichtbare Holzrahmen bringt durch sein Design W\u00e4rme, Gem\u00fctlichkeit und ein Gef\u00fchl von Natur in den Raum. Das Sofa kann durch sein minimalistisches \u00c4u\u00dferes in der Mitte des Raumes platziert werden und nicht nur an der Wand.<\/p>\n<p>Das Sofa wirkt mit seinen sichtbaren Beinen und der offenen Basis leicht und wenig aufdringlich und passt gut in kleinere R\u00e4ume, da es den Raum offen wirken l\u00e4sst.<\/p>\n<p>Ihr neues M\u00f6belst\u00fcck wird in einigen Kartons geliefert, die dann von nur einer Person gehandhabt werden k\u00f6nnen. Es sind keine M\u00f6belpacker notwendig und jeder Karton passt durch so gut wie jede T\u00fcr, d. h. enge Treppenh\u00e4user, Flure und kleine Aufz\u00fcge sind kein Problem.<\/p>\n<p>Das 3-Sitzer Sofa l\u00e4sst sich in wenigen Minuten ohne spezielles Werkzeug oder Anleitung zusammenbauen. Und es l\u00e4sst sich ebenso leicht zerlegen, um es bei einem Umzug mitzunehmen, damit Sie einander lange haben.<\/p>\n<p>Gut gemachtes modernes 3-Sitzer Sofa direkt vom Hersteller.<\/p>\n<p><strong>Gewicht<\/strong>: 53 kg<br \/>\n<strong>Ma\u00dfe:<\/strong> L 231 cm x B 80 cm x H 81 cm, Sitzh\u00f6he 45 cm, Sitztiefe 56 cm<br \/>\n<strong>Gestell:<\/strong> Birke, massiv, naturbelassen und mit \u00d6l behandelt<br \/>\n<strong>Stoff:<\/strong> 30+ verschiedene Farben, R\u00fcckseite mit schwerem Vlies beschichtet, um ein weiches Gef\u00fchl zu gew\u00e4hrleisten und dem fertigen Produkt ein sch\u00f6nes Finish zu geben, 100 % Polyester, Martindale 66500, OEKO-TEX\u00ae STANDARD 100 zertifiziert, Feuertests BS 5852 Quelle 0&amp;1, EN 1021-1.<br \/>\n<strong>Polsterung:<\/strong> High Resilience-Schaumstoff gepolstert mit Polyesterfaserwatte, bietet ein bequemes und robustes, mittleres bis festes Gef\u00fchl, abnehmbarer Kissenbezug, CertiPUR zertifiziert (das Label f\u00fcr Sicherheit, Gesundheit und Umwelt).<br \/>\n<strong>Lieferung:<\/strong> Wir bieten nur die Lieferung bis zur Stra\u00dfe an.<br \/>\n<strong>Versand:<\/strong> Wir versenden die Sofas flach. Das Sofa wird Ihnen in 5 Kartons geliefert, die miteinander verklebt sind und ein einziges Paket bilden. Sie k\u00f6nnen die Verpackungsb\u00e4nder durchtrennen und die Kartons einzeln in Ihre Wohnung tragen. Die Entsorgung der Verpackung liegt in der Verantwortung des Kunden.<br \/>\n<strong>Zusammenbau:<\/strong> Es ist super einfach das Sofa zusammenzubauen. Sie k\u00f6nnen es auch allein machen. <a href=\"https:\/\/rahuhome.eu\/super-easy-assembly\/\">Siehe Anleitung hier:<\/a><br \/>\n<strong>Pflegehinweise:<\/strong> Um das M\u00f6belst\u00fcck in seinem besten Zustand zu erhalten, ist die Reinigung des M\u00f6bels wichtig. Eine regelm\u00e4\u00dfige Reinigung und angemessene Pflege der M\u00f6bel kann ihre Lebensdauer verl\u00e4ngern. <a href=\"https:\/\/rahuhome.eu\/de\/sofa_reinigen\/\">Siehe Empfehlungen hier:<\/a><\/p>\n","protected":false},"excerpt":{"rendered":"<p>Dieses tolle 3-Sitzer Sofa wird direkt aus unserer Werkstatt zu Ihnen nach Hause geliefert, ohne Zwischenh\u00e4ndlergeb\u00fchren und mehrstufige Aufschl\u00e4ge.<br \/>\nWenn Sie unsere Sofas kaufen, helfen Sie bei der Wiederaufforstung der W\u00e4lder und machen einen positiven Unterschied in der Welt. Sie k\u00f6nnen sich sicher sein, dass Sie Ihren Teil zum Schutz unseres Planeten beitragen, wenn Sie dieses Sofa kaufen, denn wir werden 30 B\u00e4ume daf\u00fcr pflanzen.<br \/>\nLassen Sie uns den Klimawandel noch heute und gemeinsam bek\u00e4mpfen.<\/p>\n","protected":false},"featured_media":594,"comment_status":"closed","ping_status":"closed","template":"","meta":{"site-sidebar-layout":"default","site-content-layout":"default","ast-site-content-layout":"default","site-content-style":"default","site-sidebar-style":"default","ast-global-header-display":"","ast-banner-title-visibility":"","ast-main-header-display":"","ast-hfb-above-header-display":"","ast-hfb-below-header-display":"","ast-hfb-mobile-header-display":"","site-post-title":"","ast-breadcrumbs-content":"","ast-featured-img":"","footer-sml-layout":"","ast-disable-related-posts":"","theme-transparent-header-meta":"default","adv-header-id-meta":"","stick-header-meta":"","header-above-stick-meta":"","header-main-stick-meta":"","header-below-stick-meta":"","astra-migrate-meta-layouts":"default","ast-page-background-enabled":"default","ast-page-background-meta":{"desktop":{"background-color":"","background-image":"","background-repeat":"repeat","background-position":"center center","background-size":"auto","background-attachment":"scroll","background-type":"","background-media":"","overlay-type":"","overlay-color":"","overlay-opacity":"","overlay-gradient":""},"tablet":{"background-color":"","background-image":"","background-repeat":"repeat","background-position":"center center","background-size":"auto","background-attachment":"scroll","background-type":"","background-media":"","overlay-type":"","overlay-color":"","overlay-opacity":"","overlay-gradient":""},"mobile":{"background-color":"","background-image":"","background-repeat":"repeat","background-position":"center center","background-size":"auto","background-attachment":"scroll","background-type":"","background-media":"","overlay-type":"","overlay-color":"","overlay-opacity":"","overlay-gradient":""}},"ast-content-background-meta":{"desktop":{"background-color":"var(--ast-global-color-5)","background-image":"","background-repeat":"repeat","background-position":"center center","background-size":"auto","background-attachment":"scroll","background-type":"","background-media":"","overlay-type":"","overlay-color":"","overlay-opacity":"","overlay-gradient":""},"tablet":{"background-color":"var(--ast-global-color-5)","background-image":"","background-repeat":"repeat","background-position":"center center","background-size":"auto","background-attachment":"scroll","background-type":"","background-media":"","overlay-type":"","overlay-color":"","overlay-opacity":"","overlay-gradient":""},"mobile":{"background-color":"var(--ast-global-color-5)","background-image":"","background-repeat":"repeat","background-position":"center center","background-size":"auto","background-attachment":"scroll","background-type":"","background-media":"","overlay-type":"","overlay-color":"","overlay-opacity":"","overlay-gradient":""}}},"product_brand":[],"product_cat":[117],"product_tag":[],"class_list":{"0":"post-2163","1":"product","2":"type-product","3":"status-publish","4":"has-post-thumbnail","6":"product_cat-sitzer","7":"desktop-align-left","8":"tablet-align-left","9":"mobile-align-left","10":"ast-product-gallery-layout-horizontal","11":"ast-magnify-disabled","12":"ast-product-single-variable","13":"ast-product-tabs-layout-horizontal","15":"first","16":"instock","17":"taxable","18":"shipping-taxable","19":"purchasable","20":"product-type-variable"},"_links":{"self":[{"href":"https:\/\/rahuhome.eu\/de\/wp-json\/wp\/v2\/product\/2163","targetHints":{"allow":["GET"]}}],"collection":[{"href":"https:\/\/rahuhome.eu\/de\/wp-json\/wp\/v2\/product"}],"about":[{"href":"https:\/\/rahuhome.eu\/de\/wp-json\/wp\/v2\/types\/product"}],"replies":[{"embeddable":true,"href":"https:\/\/rahuhome.eu\/de\/wp-json\/wp\/v2\/comments?post=2163"}],"wp:featuredmedia":[{"embeddable":true,"href":"https:\/\/rahuhome.eu\/de\/wp-json\/wp\/v2\/media\/594"}],"wp:attachment":[{"href":"https:\/\/rahuhome.eu\/de\/wp-json\/wp\/v2\/media?parent=2163"}],"wp:term":[{"taxonomy":"product_brand","embeddable":true,"href":"https:\/\/rahuhome.eu\/de\/wp-json\/wp\/v2\/product_brand?post=2163"},{"taxonomy":"product_cat","embeddable":true,"href":"https:\/\/rahuhome.eu\/de\/wp-json\/wp\/v2\/product_cat?post=2163"},{"taxonomy":"product_tag","embeddable":true,"href":"https:\/\/rahuhome.eu\/de\/wp-json\/wp\/v2\/product_tag?post=2163"}],"curies":[{"name":"wp","href":"https:\/\/api.w.org\/{rel}","templated":true}]}}