{"id":2460,"date":"2020-05-27T04:35:46","date_gmt":"2020-05-27T04:35:46","guid":{"rendered":"https:\/\/rahuhome.eu\/product\/kostenlose-stoffmuster\/"},"modified":"2022-03-22T09:33:12","modified_gmt":"2022-03-22T09:33:12","slug":"kostenlose-stoffmuster","status":"publish","type":"product","link":"https:\/\/rahuhome.eu\/de\/produkt\/kostenlose-stoffmuster\/","title":{"rendered":"KOSTENLOSE STOFFMUSTER"},"content":{"rendered":"<p>Der Stoff, den wir f\u00fcr unsere Sofas verwenden, ist auf lange Sicht ausgelegt. Er ist familienfreundlich, langlebig und pflegeleicht, r\u00fcckseitig mit einem schweren Vlies beschichtet, um ein weiches Gef\u00fchl zu erreichen und dem fertigen Produkt ein sch\u00f6nes Finish zu geben. Au\u00dferdem ist er angenehm glatt, ein Genuss zum Anfassen. Die Sofas gibt es in vielen Farben, die Sie nach Ihrem Geschmack ausw\u00e4hlen k\u00f6nnen. Unser Stoff ist au\u00dferdem \u00d6ko-Tex-zertifiziert und erf\u00fcllt die Anforderungen der schwedischen M\u00f6belfakta, einem einzigartigen Referenz- und Kennzeichnungssystem f\u00fcr Innenausstattungen, mit Anforderungen an Qualit\u00e4t, Umwelt und soziale Verantwortung.<br \/>\n30+ verschiedene Farben, 100 % Polyester, Martindale 66500, OEKO-TEX\u00ae STANDARD 100 zertifiziert, Brandtests BS 5852 Quelle 0&amp;1, EN 1021-1.<\/p>\n","protected":false},"excerpt":{"rendered":"<p>Ein Sofa ist nichts ohne einen guten Stoff. Deshalb geh\u00f6ren unsere zu den besten Stoffen, die es gibt, und jeder wurde handverlesen.<br \/>\nWenn Sie die genaue Farbe und die Struktur des Stoffes sehen wollen, empfehlen wir Ihnen, kostenlose Stoffmuster zu bestellen, damit Sie das Sofa mit Vertrauen kaufen und real ein Gef\u00fchl f\u00fcr unsere Stoffe und Muster bekommen k\u00f6nnen. Schauen Sie sich unsere Farbauswahl an und w\u00e4hlen Sie 4 Farben Ihres Geschmacks, deren Muster wir Ihnen kostenlos zusenden k\u00f6nnen.<\/p>\n","protected":false},"featured_media":2528,"comment_status":"closed","ping_status":"closed","template":"","meta":{"site-sidebar-layout":"default","site-content-layout":"default","ast-site-content-layout":"default","site-content-style":"default","site-sidebar-style":"default","ast-global-header-display":"","ast-banner-title-visibility":"","ast-main-header-display":"","ast-hfb-above-header-display":"","ast-hfb-below-header-display":"","ast-hfb-mobile-header-display":"","site-post-title":"","ast-breadcrumbs-content":"","ast-featured-img":"","footer-sml-layout":"","ast-disable-related-posts":"","theme-transparent-header-meta":"default","adv-header-id-meta":"","stick-header-meta":"","header-above-stick-meta":"","header-main-stick-meta":"","header-below-stick-meta":"","astra-migrate-meta-layouts":"default","ast-page-background-enabled":"default","ast-page-background-meta":{"desktop":{"background-color":"","background-image":"","background-repeat":"repeat","background-position":"center center","background-size":"auto","background-attachment":"scroll","background-type":"","background-media":"","overlay-type":"","overlay-color":"","overlay-opacity":"","overlay-gradient":""},"tablet":{"background-color":"","background-image":"","background-repeat":"repeat","background-position":"center center","background-size":"auto","background-attachment":"scroll","background-type":"","background-media":"","overlay-type":"","overlay-color":"","overlay-opacity":"","overlay-gradient":""},"mobile":{"background-color":"","background-image":"","background-repeat":"repeat","background-position":"center center","background-size":"auto","background-attachment":"scroll","background-type":"","background-media":"","overlay-type":"","overlay-color":"","overlay-opacity":"","overlay-gradient":""}},"ast-content-background-meta":{"desktop":{"background-color":"var(--ast-global-color-5)","background-image":"","background-repeat":"repeat","background-position":"center center","background-size":"auto","background-attachment":"scroll","background-type":"","background-media":"","overlay-type":"","overlay-color":"","overlay-opacity":"","overlay-gradient":""},"tablet":{"background-color":"var(--ast-global-color-5)","background-image":"","background-repeat":"repeat","background-position":"center center","background-size":"auto","background-attachment":"scroll","background-type":"","background-media":"","overlay-type":"","overlay-color":"","overlay-opacity":"","overlay-gradient":""},"mobile":{"background-color":"var(--ast-global-color-5)","background-image":"","background-repeat":"repeat","background-position":"center center","background-size":"auto","background-attachment":"scroll","background-type":"","background-media":"","overlay-type":"","overlay-color":"","overlay-opacity":"","overlay-gradient":""}}},"product_brand":[],"product_cat":[118],"product_tag":[],"class_list":{"0":"post-2460","1":"product","2":"type-product","3":"status-publish","4":"has-post-thumbnail","6":"product_cat-stoffmuster","7":"product_shipping_class-swatches-free-de","8":"desktop-align-left","9":"tablet-align-left","10":"mobile-align-left","11":"ast-product-gallery-layout-horizontal","12":"ast-product-gallery-with-no-image","13":"ast-magnify-disabled","14":"ast-product-tabs-layout-horizontal","16":"first","17":"instock","18":"sold-individually","19":"taxable","20":"shipping-taxable","21":"purchasable","22":"product-type-simple"},"_links":{"self":[{"href":"https:\/\/rahuhome.eu\/de\/wp-json\/wp\/v2\/product\/2460","targetHints":{"allow":["GET"]}}],"collection":[{"href":"https:\/\/rahuhome.eu\/de\/wp-json\/wp\/v2\/product"}],"about":[{"href":"https:\/\/rahuhome.eu\/de\/wp-json\/wp\/v2\/types\/product"}],"replies":[{"embeddable":true,"href":"https:\/\/rahuhome.eu\/de\/wp-json\/wp\/v2\/comments?post=2460"}],"wp:featuredmedia":[{"embeddable":true,"href":"https:\/\/rahuhome.eu\/de\/wp-json\/wp\/v2\/media\/2528"}],"wp:attachment":[{"href":"https:\/\/rahuhome.eu\/de\/wp-json\/wp\/v2\/media?parent=2460"}],"wp:term":[{"taxonomy":"product_brand","embeddable":true,"href":"https:\/\/rahuhome.eu\/de\/wp-json\/wp\/v2\/product_brand?post=2460"},{"taxonomy":"product_cat","embeddable":true,"href":"https:\/\/rahuhome.eu\/de\/wp-json\/wp\/v2\/product_cat?post=2460"},{"taxonomy":"product_tag","embeddable":true,"href":"https:\/\/rahuhome.eu\/de\/wp-json\/wp\/v2\/product_tag?post=2460"}],"curies":[{"name":"wp","href":"https:\/\/api.w.org\/{rel}","templated":true}]}}