{"id":2461,"date":"2020-06-16T12:01:45","date_gmt":"2020-06-16T12:01:45","guid":{"rendered":"https:\/\/rahuhome.eu\/product\/erweiterungsmodul\/"},"modified":"2021-11-01T11:54:45","modified_gmt":"2021-11-01T11:54:45","slug":"erweiterungsmodul","status":"publish","type":"product","link":"https:\/\/rahuhome.eu\/de\/produkt\/erweiterungsmodul\/","title":{"rendered":"Erweiterungsmodul f\u00fcr rahusofa"},"content":{"rendered":"<p>Unsere Sofas sind gr\u00f6\u00dfenverstellbar und lassen sich leicht verl\u00e4ngern. Wenn Sie Ihr rahusofa verl\u00e4ngern m\u00f6chten, gen\u00fcgt es, ein Erweiterungsmodul zu bestellen. W\u00e4hlen Sie die Farbe der Kissen und entscheiden Sie, wie viele Sitze Sie zu Ihrem aktuellen rahu-Sofa hinzuf\u00fcgen m\u00f6chten.<\/p>\n<p><strong>Gewicht: <\/strong>20 kg<br \/>\n<strong>Ma\u00dfe: <\/strong>L 80cm x B 80cm x H81cm, Sitzh\u00f6he 45 cm, Sitztiefe 56 cm.<br \/>\n<strong>Gestell: <\/strong>Birke, massiv, naturbelassen und mit \u00d6l behandelt<br \/>\n<strong>Stoff: <\/strong>30+ verschiedene Farben, R\u00fcckseite mit schwerem Vlies beschichtet, um ein weiches Gef\u00fchl zu gew\u00e4hrleisten und dem fertigen Produkt ein sch\u00f6nes Finish zu geben, 100 % Polyester, Martindale 66500, OEKO-TEX\u00ae STANDARD 100 zertifiziert, Feuertests BS 5852 Quelle 0&amp;1, EN 1021-1<br \/>\n<strong>Polsterung: <\/strong>High Resilience-Schaumstoff gepolstert mit Polyesterfaserwatte, bietet ein bequemes und robustes, mittleres bis festes Gef\u00fchl, abnehmbarer Kissenbezug, CertiPUR zertifiziert (das Label f\u00fcr Sicherheit, Gesundheit und Umwelt)<br \/>\n<strong>Lieferung<\/strong>: Wir bieten nur die Lieferung bis zur Stra\u00dfe an<br \/>\n<strong>Versand:<\/strong> Wir versenden die Erweiterungsmodul flach. Das Erweiterungsmodul wird Ihnen in 2 Kartons geliefert, die miteinander verklebt sind und ein einziges Paket bilden. Sie k\u00f6nnen die Verpackungsb\u00e4nder durchtrennen und die Kartons einzeln in Ihre Wohnung tragen. Die Entsorgung der Verpackung liegt in der Verantwortung des Kunden<br \/>\n<strong>Zusammenbau:<\/strong> Es ist super einfach das Sofa zusammenzubauen. Sie k\u00f6nnen es auch allein machen. Siehe Anleitung <a href=\"https:\/\/rahuhome.eu\/super-easy-assembly\/\" target=\"_blank\" rel=\"noopener noreferrer\"><u>hier<\/u><\/a><br \/>\n<strong>Pflegehinweise:\u00a0<\/strong>Um das M\u00f6belst\u00fcck in seinem besten Zustand zu erhalten, ist die Reinigung des M\u00f6bels wichtig. Eine regelm\u00e4\u00dfige Reinigung und angemessene Pflege der M\u00f6bel kann ihre Lebensdauer verl\u00e4ngern. Siehe Empfehlungen <a href=\"https:\/\/rahuhome.eu\/de\/sofa_reinigen\/\" target=\"_blank\" rel=\"noopener noreferrer\"><u>hier<\/u> <\/a><\/p>\n","protected":false},"excerpt":{"rendered":"<p>Dieses Erweiterungsmodul wird direkt aus unserer Werkstatt zu Ihnen nach Hause geliefert, ohne Zwischenh\u00e4ndlergeb\u00fchren und mehrstufige Aufschl\u00e4ge.<\/p>\n<p>Wenn Sie unsere Sofas kaufen, helfen Sie bei der Wiederaufforstung der W\u00e4lder und machen einen positiven Unterschied in der Welt. Sie k\u00f6nnen sich sicher sein, dass Sie Ihren Teil zum Schutz unseres Planeten beitragen, wenn Sie dieses Sofa kaufen, denn wir werden 30 B\u00e4ume daf\u00fcr pflanzen.<br \/>\nLassen Sie uns den Klimawandel noch heute und gemeinsam bek\u00e4mpfen.<\/p>\n","protected":false},"featured_media":1442,"comment_status":"closed","ping_status":"closed","template":"","meta":{"site-sidebar-layout":"no-sidebar","site-content-layout":"default","ast-site-content-layout":"default","site-content-style":"default","site-sidebar-style":"default","ast-global-header-display":"","ast-banner-title-visibility":"","ast-main-header-display":"","ast-hfb-above-header-display":"","ast-hfb-below-header-display":"","ast-hfb-mobile-header-display":"","site-post-title":"","ast-breadcrumbs-content":"","ast-featured-img":"","footer-sml-layout":"","ast-disable-related-posts":"","theme-transparent-header-meta":"default","adv-header-id-meta":"","stick-header-meta":"","header-above-stick-meta":"","header-main-stick-meta":"","header-below-stick-meta":"","astra-migrate-meta-layouts":"default","ast-page-background-enabled":"default","ast-page-background-meta":{"desktop":{"background-color":"","background-image":"","background-repeat":"repeat","background-position":"center center","background-size":"auto","background-attachment":"scroll","background-type":"","background-media":"","overlay-type":"","overlay-color":"","overlay-opacity":"","overlay-gradient":""},"tablet":{"background-color":"","background-image":"","background-repeat":"repeat","background-position":"center center","background-size":"auto","background-attachment":"scroll","background-type":"","background-media":"","overlay-type":"","overlay-color":"","overlay-opacity":"","overlay-gradient":""},"mobile":{"background-color":"","background-image":"","background-repeat":"repeat","background-position":"center center","background-size":"auto","background-attachment":"scroll","background-type":"","background-media":"","overlay-type":"","overlay-color":"","overlay-opacity":"","overlay-gradient":""}},"ast-content-background-meta":{"desktop":{"background-color":"var(--ast-global-color-5)","background-image":"","background-repeat":"repeat","background-position":"center center","background-size":"auto","background-attachment":"scroll","background-type":"","background-media":"","overlay-type":"","overlay-color":"","overlay-opacity":"","overlay-gradient":""},"tablet":{"background-color":"var(--ast-global-color-5)","background-image":"","background-repeat":"repeat","background-position":"center center","background-size":"auto","background-attachment":"scroll","background-type":"","background-media":"","overlay-type":"","overlay-color":"","overlay-opacity":"","overlay-gradient":""},"mobile":{"background-color":"var(--ast-global-color-5)","background-image":"","background-repeat":"repeat","background-position":"center center","background-size":"auto","background-attachment":"scroll","background-type":"","background-media":"","overlay-type":"","overlay-color":"","overlay-opacity":"","overlay-gradient":""}}},"product_brand":[],"product_cat":[117],"product_tag":[],"class_list":{"0":"post-2461","1":"product","2":"type-product","3":"status-publish","4":"has-post-thumbnail","6":"product_cat-sitzer","7":"desktop-align-left","8":"tablet-align-left","9":"mobile-align-left","10":"ast-product-gallery-layout-horizontal","11":"ast-magnify-disabled","12":"ast-product-single-variable","13":"ast-product-tabs-layout-horizontal","15":"first","16":"instock","17":"taxable","18":"shipping-taxable","19":"purchasable","20":"product-type-variable"},"_links":{"self":[{"href":"https:\/\/rahuhome.eu\/de\/wp-json\/wp\/v2\/product\/2461","targetHints":{"allow":["GET"]}}],"collection":[{"href":"https:\/\/rahuhome.eu\/de\/wp-json\/wp\/v2\/product"}],"about":[{"href":"https:\/\/rahuhome.eu\/de\/wp-json\/wp\/v2\/types\/product"}],"replies":[{"embeddable":true,"href":"https:\/\/rahuhome.eu\/de\/wp-json\/wp\/v2\/comments?post=2461"}],"wp:featuredmedia":[{"embeddable":true,"href":"https:\/\/rahuhome.eu\/de\/wp-json\/wp\/v2\/media\/1442"}],"wp:attachment":[{"href":"https:\/\/rahuhome.eu\/de\/wp-json\/wp\/v2\/media?parent=2461"}],"wp:term":[{"taxonomy":"product_brand","embeddable":true,"href":"https:\/\/rahuhome.eu\/de\/wp-json\/wp\/v2\/product_brand?post=2461"},{"taxonomy":"product_cat","embeddable":true,"href":"https:\/\/rahuhome.eu\/de\/wp-json\/wp\/v2\/product_cat?post=2461"},{"taxonomy":"product_tag","embeddable":true,"href":"https:\/\/rahuhome.eu\/de\/wp-json\/wp\/v2\/product_tag?post=2461"}],"curies":[{"name":"wp","href":"https:\/\/api.w.org\/{rel}","templated":true}]}}